{"id":266,"date":"2019-09-24T11:53:16","date_gmt":"2019-09-24T09:53:16","guid":{"rendered":"https:\/\/hierrosfergo.com\/?page_id=266"},"modified":"2019-09-24T17:44:49","modified_gmt":"2019-09-24T15:44:49","slug":"subvencions","status":"publish","type":"page","link":"https:\/\/hierrosfergo.com\/gl\/subvencions\/","title":{"rendered":"Subvenci\u00f3ns"},"content":{"rendered":"<p><img decoding=\"async\" class=\"aligncenter wp-image-273 size-large\" src=\"https:\/\/hierrosfergo.com\/wp-content\/uploads\/2019\/09\/logos-fergo-subvencion-1024x175.png\" alt=\"Convocatoria de Subvenci\u00f3ns do Instituto Enerx\u00e9tico de Galicia a proxectos de Aforro e Eficiencia Enerx\u00e9tica nos sectores industria e servizos ano 2019\" width=\"100%\" height=\"100%\" srcset=\"https:\/\/hierrosfergo.com\/wp-content\/uploads\/2019\/09\/logos-fergo-subvencion-1024x175.png 1024w, https:\/\/hierrosfergo.com\/wp-content\/uploads\/2019\/09\/logos-fergo-subvencion-300x51.png 300w, https:\/\/hierrosfergo.com\/wp-content\/uploads\/2019\/09\/logos-fergo-subvencion-768x132.png 768w\" sizes=\"(max-width: 1024px) 100vw, 1024px\" \/><\/p>\n<h2 style=\"text-align: center;\">Convocatoria de Subvenci\u00f3ns do Instituto Enerx\u00e9tico de Galicia a proxectos de Aforro e Eficiencia Enerx\u00e9tica nos sectores industria e servizos ano 2019<\/h2>\n<h3 style=\"text-align: center;\">Operaci\u00f3n cofinanciada pola Uni\u00f3n Europea<br \/>\nPrograma Operativo FEDER Galicia 2014-2020<\/h3>\n<h3 style=\"text-align: center;\">Conseguir unha econom\u00eda m\u00e1is limpa e sostible<br \/>\n<em>Unha maneira de facer Europ<\/em>a<\/h3>\n","protected":false},"excerpt":{"rendered":"<p>Convocatoria de Subvenci\u00f3ns do Instituto Enerx\u00e9tico de Galicia a proxectos de Aforro e Eficiencia Enerx\u00e9tica nos sectores industria e servizos ano 2019 Operaci\u00f3n cofinanciada pola Uni\u00f3n Europea Programa Operativo FEDER Galicia 2014-2020 Conseguir unha econom\u00eda m\u00e1is limpa e sostible Unha maneira de facer Europa<\/p>\n","protected":false},"author":3,"featured_media":0,"parent":0,"menu_order":0,"comment_status":"closed","ping_status":"closed","template":"","meta":{"_monsterinsights_skip_tracking":false,"_monsterinsights_sitenote_active":false,"_monsterinsights_sitenote_note":"","_monsterinsights_sitenote_category":0,"footnotes":""},"class_list":["post-266","page","type-page","status-publish","hentry"],"aioseo_notices":[],"_links":{"self":[{"href":"https:\/\/hierrosfergo.com\/gl\/wp-json\/wp\/v2\/pages\/266","targetHints":{"allow":["GET"]}}],"collection":[{"href":"https:\/\/hierrosfergo.com\/gl\/wp-json\/wp\/v2\/pages"}],"about":[{"href":"https:\/\/hierrosfergo.com\/gl\/wp-json\/wp\/v2\/types\/page"}],"author":[{"embeddable":true,"href":"https:\/\/hierrosfergo.com\/gl\/wp-json\/wp\/v2\/users\/3"}],"replies":[{"embeddable":true,"href":"https:\/\/hierrosfergo.com\/gl\/wp-json\/wp\/v2\/comments?post=266"}],"version-history":[{"count":6,"href":"https:\/\/hierrosfergo.com\/gl\/wp-json\/wp\/v2\/pages\/266\/revisions"}],"predecessor-version":[{"id":274,"href":"https:\/\/hierrosfergo.com\/gl\/wp-json\/wp\/v2\/pages\/266\/revisions\/274"}],"wp:attachment":[{"href":"https:\/\/hierrosfergo.com\/gl\/wp-json\/wp\/v2\/media?parent=266"}],"curies":[{"name":"wp","href":"https:\/\/api.w.org\/{rel}","templated":true}]}}