{"id":87,"date":"2016-08-10T17:07:18","date_gmt":"2016-08-10T15:07:18","guid":{"rendered":"http:\/\/hierrosfergo.com\/?page_id=87"},"modified":"2019-09-24T11:49:45","modified_gmt":"2019-09-24T09:49:45","slug":"aviso-legal","status":"publish","type":"page","link":"https:\/\/hierrosfergo.com\/gl\/aviso-legal\/","title":{"rendered":"Aviso legal"},"content":{"rendered":"<p><\/p>\n<p style=\"text-align: left;\">En cumprimento do artigo 10 da Lei 34\/2002, do 11 de xullo, de Servizos da Sociedade da Informaci\u00f3n e Comercio Electr\u00f3nico, HIERROS FERGO, S.L.\u00a0 informa que se est\u00e1 inscrita no Rexistro Mercantil de Pontevedra, Libro 1488, Folio 201, Insc. 1\u00aa, Hoja PO-12 418., sendo os seus datos identificativos os seguintes:<\/p>\n<p style=\"text-align: left;\">Denominaci\u00f3n social: HIERROS FERGO, S.L.<\/p>\n<p style=\"text-align: left;\">C.I.F: B36214666<\/p>\n<p style=\"text-align: left;\">Domicilio social: POL. IND. AREA 33, S\/n A MERA &#8211; 36543 SILLEDA (PONTEVEDRA)<\/p>\n<p style=\"text-align: left;\">Tel\u00e9fono: 986 580 104<\/p>\n<p style=\"text-align: left;\">Correo electr\u00f3nico a efectos de comunicaci\u00f3n: hierrosfergo@hotmail.com<\/p>\n<p style=\"text-align: left;\">Todas as notificaci\u00f3ns e comunicaci\u00f3ns entre os usuarios e HIERROS FERGO, S.L. consideraranse eficaces, para todos os efectos, cando se realicen a trav\u00e9s de correo postal ou calquera outro medio dos detallados anteriormente.<\/p>\n<ul style=\"text-align: left;\">\n<li><strong>CONDICI\u00d3NS DE ACCESO E UTILIZACI\u00d3N<\/strong><\/li>\n<\/ul>\n<p style=\"text-align: left;\">O presente aviso legal regula o uso do sitio web <strong>www.hierrosfergo.com<\/strong> (en adiante, A WEB), do que \u00e9 titular HIERROS FERGO, S.L.<\/p>\n<p style=\"text-align: left;\">A navegaci\u00f3n pola web de HIERROS FERGO, S.L. atrib\u00fae a condici\u00f3n de usuario do mesmo e implica a aceptaci\u00f3n plena e sen reservas de todas e cada unha das disposici\u00f3ns inclu\u00eddas neste Aviso Legal, que poden sufrir modificaci\u00f3ns.<\/p>\n<p style=\"text-align: left;\">O sitio web e os seus servizos son de acceso libre e gratu\u00edto, por\u00e9n, HIERROS FERGO, S.L. condiciona a utilizaci\u00f3n dalg\u00fans dos servizos ofrecidos na s\u00faa web \u00e1 previa cumprimentaci\u00f3n do correspondente formulario.<\/p>\n<p style=\"text-align: left;\">Todos os contidos do sitio web, como textos, fotograf\u00edas, gr\u00e1ficos, imaxes, iconas, tecnolox\u00eda, software, as\u00ed como o seu dese\u00f1o e c\u00f3digos fonte, constit\u00faen unha obra cuxa propiedade pertence a HIERROS FERGO, S.L., sen que poidan entenderse cedidos ao usuario ning\u00fan dos dereitos de explotaci\u00f3n sobre os mesmos m\u00e1is al\u00f3 do estritamente necesario para o correcto uso da web.<\/p>\n<p style=\"text-align: left;\">O usuario garante a autenticidade e actualidade de todos aqueles datos que comunique a HIERROS FERGO, S.L. e ser\u00e1 o \u00fanico responsable das manifestaci\u00f3ns falsas ou inexactas que realice.<\/p>\n<p style=\"text-align: left;\">O usuario obr\u00edgase a facer un uso correcto do sitio web de conformidade coas leis, a boa fe, a orde p\u00fablica, os usos do tr\u00e1fico e o presente Aviso Legal. O usuario responder\u00e1 fronte a HIERROS FERGO, S.L. ou fronte a terceiros, de calquera tipo de dano e prexu\u00edzo que se puidesen causar como consecuencia do incumprimento desta obrigaci\u00f3n.<\/p>\n<ul style=\"text-align: left;\">\n<li><strong>POL\u00cdTICA DE LIGAZ\u00d3NS E EXENCI\u00d3NS DE RESPONSABILIDADES<\/strong><\/li>\n<\/ul>\n<p style=\"text-align: left;\">HIERROS FERGO, S.L. non se fai responsable do contido das p\u00e1xinas web \u00e1s que o usuario poida acceder a trav\u00e9s das ligaz\u00f3ns establecidas no seu sitio web e declara que en ning\u00fan caso proceder\u00e1 a examinar ou exercitar ning\u00fan tipo de control sobre o contido doutras p\u00e1xinas da rede. As\u00ed mesmo, tampouco garantir\u00e1 a dispo\u00f1ibilidade t\u00e9cnica, exactitude, veracidade, validez ou legalidade de p\u00e1xinas alleas \u00e1 s\u00faa propiedade \u00e1s que se poida acceder por medio das ligaz\u00f3ns.<\/p>\n<p style=\"text-align: left;\">HIERROS FERGO, S.L. declara que adoptou todas as medidas necesarias para evitar calquera tipo de danos que, aos usuarios do seu sitio web, se puidesen derivar da navegaci\u00f3n pola s\u00faa p\u00e1xina web. En consecuencia, HIERROS FERGO, S.L. non se fai responsable, en ning\u00fan caso, dos eventuais danos que pola navegaci\u00f3n por Internet puidese sufrir o usuario.<\/p>\n<ul style=\"text-align: left;\">\n<li><strong>USO DE COOKIES E DATOS ESTAT\u00cdSTICOS<\/strong><\/li>\n<\/ul>\n<p style=\"text-align: left;\">Esta p\u00e1xina web pode recoller datos persoais dos seus visitantes por medio do uso de cookies. Consultar a pol\u00edtica de cookies no seu caso.<\/p>\n<p style=\"text-align: left;\">O usuario ten a posibilidade de configurar o seu navegador de modo que se lle informe da recepci\u00f3n de cookies, podendo, se as\u00ed o desexa, impedir que sexan instaladas no seu disco duro.<\/p>\n<ul style=\"text-align: left;\">\n<li><strong>PROTECCI\u00d3N DE DATOS<\/strong><\/li>\n<\/ul>\n<p style=\"text-align: left;\">Inf\u00f3rmaselle que os datos persoais que vostede nos facilite voluntariamente, a trav\u00e9s dos distintos formularios da web, ser\u00e1n incorporados a un ficheiro titularidade de HIERROS FERGO, S.L. con domicilio en POL. IND. AREA 33, S\/n A MERA &#8211; 36543 SILLEDA (PONTEVEDRA), que cumpre coas medidas de seguridade esixidas no Real Decreto 1720\/2007 do 21 de decembro. A finalidade deste ficheiro \u00e9 a prestaci\u00f3n e administraci\u00f3n do servizo contratado ou solicitado, as\u00ed como a realizaci\u00f3n de estat\u00edsticas, a remisi\u00f3n de publicidade e outras promoci\u00f3ns comerciais que HIERROS FERGO, S.L. poida efectuar nun futuro.<\/p>\n<p style=\"text-align: left;\">Mediante o env\u00edo dos mencionados formularios, o usuario autoriza a enviarlle informaci\u00f3n e comunicaci\u00f3ns comerciais a trav\u00e9s de correo postal, correo electr\u00f3nico ou fax dos produtos e servizos de HIERROS FERGO, S.L.<\/p>\n<p style=\"text-align: left;\">As\u00ed mesmo, HIERROS FERGO, S.L. cancelar\u00e1 ou rectificar\u00e1 os datos cando resulten inexactos, incompletos ou deixen de ser necesarios para a s\u00faa finalidade, de conformidade co previsto na Lei Org\u00e1nica 15\/1999, de 13 de decembro, de Protecci\u00f3n de Datos de Car\u00e1cter Persoal.<\/p>\n<p style=\"text-align: left;\">O usuario poder\u00e1 revogar o consentimento prestado e exercer os dereitos de acceso, rectificaci\u00f3n, cancelaci\u00f3n e oposici\u00f3n dirix\u00edndose por escrito a HIERROS FERGO, no seguinte enderezo: \u00a0POL. IND. AREA 33, S\/n A MERA &#8211; 36543 SILLEDA (PONTEVEDRA), ou ben a trav\u00e9s do seguinte correo electr\u00f3nico hierrosfergo@hotmail.com, identific\u00e1ndose debidamente e indicando de forma visible o concreto dereito que se exerce.<\/p>\n<p style=\"text-align: left;\">HIERROS FERGO, S.L. adopta os niveis de seguridade correspondentes requiridos pola citada Lei Org\u00e1nica 15\/1999 e demais normativa aplicable. Por\u00e9n, non asume ningunha responsabilidade polos danos e prexu\u00edzos derivados de alteraci\u00f3ns que terceiros poidan causar nos sistemas inform\u00e1ticos, documentos electr\u00f3nicos ou ficheiros do usuario.<\/p>\n<p><\/p>","protected":false},"excerpt":{"rendered":"<p>En cumprimento do artigo 10 da Lei 34\/2002, do 11 de xullo, de Servizos da Sociedade da Informaci\u00f3n e Comercio Electr\u00f3nico, HIERROS FERGO, S.L.\u00a0 informa que se est\u00e1 inscrita no Rexistro Mercantil de Pontevedra, Libro 1488, Folio 201, Insc. 1\u00aa, Hoja PO-12 418., sendo os seus datos identificativos os seguintes: Denominaci\u00f3n social: HIERROS FERGO, S.L. [&hellip;]<\/p>\n","protected":false},"author":6,"featured_media":0,"parent":0,"menu_order":0,"comment_status":"closed","ping_status":"closed","template":"","meta":{"_monsterinsights_skip_tracking":false,"_monsterinsights_sitenote_active":false,"_monsterinsights_sitenote_note":"","_monsterinsights_sitenote_category":0,"footnotes":""},"class_list":["post-87","page","type-page","status-publish","hentry"],"aioseo_notices":[],"_links":{"self":[{"href":"https:\/\/hierrosfergo.com\/gl\/wp-json\/wp\/v2\/pages\/87","targetHints":{"allow":["GET"]}}],"collection":[{"href":"https:\/\/hierrosfergo.com\/gl\/wp-json\/wp\/v2\/pages"}],"about":[{"href":"https:\/\/hierrosfergo.com\/gl\/wp-json\/wp\/v2\/types\/page"}],"author":[{"embeddable":true,"href":"https:\/\/hierrosfergo.com\/gl\/wp-json\/wp\/v2\/users\/6"}],"replies":[{"embeddable":true,"href":"https:\/\/hierrosfergo.com\/gl\/wp-json\/wp\/v2\/comments?post=87"}],"version-history":[{"count":11,"href":"https:\/\/hierrosfergo.com\/gl\/wp-json\/wp\/v2\/pages\/87\/revisions"}],"predecessor-version":[{"id":261,"href":"https:\/\/hierrosfergo.com\/gl\/wp-json\/wp\/v2\/pages\/87\/revisions\/261"}],"wp:attachment":[{"href":"https:\/\/hierrosfergo.com\/gl\/wp-json\/wp\/v2\/media?parent=87"}],"curies":[{"name":"wp","href":"https:\/\/api.w.org\/{rel}","templated":true}]}}