{"id":89,"date":"2016-08-10T17:07:50","date_gmt":"2016-08-10T15:07:50","guid":{"rendered":"http:\/\/hierrosfergo.com\/?page_id=89"},"modified":"2019-09-24T11:49:46","modified_gmt":"2019-09-24T09:49:46","slug":"politica-de-privacidad","status":"publish","type":"page","link":"https:\/\/hierrosfergo.com\/gl\/politica-de-privacidad\/","title":{"rendered":"Pol\u00edtica de privacidade"},"content":{"rendered":"<p><\/p>\n<p style=\"text-align: left;\">De conformidade co que establece a Lei Org\u00e1nica 15\/1999 de Protecci\u00f3n de Datos de Car\u00e1cter Persoal, inf\u00f3rmaselle que os datos persoais que nos facilite mediante o uso dos formularios sitos na p\u00e1xina web, ser\u00e1n incorporados a un ficheiro titularidade de HIERROS FERGO, S.L., coa finalidade de xestionar a s\u00faa solicitude e enviarlle informaci\u00f3n m\u00e1is detallada. As\u00ed mesmo, HIERROS FERGO, S.L. inf\u00f3rmalle da posibilidade de exercer os dereitos de acceso, cancelaci\u00f3n, rectificaci\u00f3n e oposici\u00f3n mediante un escrito a HIERROS FERGO na direcci\u00f3n POL. IND. AREA 33, S\/n A MERA &#8211; 36543 SILLEDA (PONTEVEDRA), ou por email \u00e1 direcci\u00f3n hierrosfergo@hotmail.com. Mentres non nos comunique o contrario, entenderemos que os seus datos non foron modificados, que vostede se compromete a notificarnos calquera variaci\u00f3n e que temos o consentimento para utilizalos a fin de poder fidelizar a relaci\u00f3n entre as partes.<\/p>\n<p style=\"text-align: left;\">\nDe acordo co que establece a Lei 34\/2002, de Servizos da Sociedade da Informaci\u00f3n e o Comercio Electr\u00f3nico no seu artigo 21, solicitamos o seu consentimento para poder realizar comunicaci\u00f3ns publicitarias que consideremos poidan ser do seu interese, por correo electr\u00f3nico ou por calquera outro medio de comunicaci\u00f3n electr\u00f3nica equivalente.<\/p>\n<p><\/p>","protected":false},"excerpt":{"rendered":"<p>De conformidade co que establece a Lei Org\u00e1nica 15\/1999 de Protecci\u00f3n de Datos de Car\u00e1cter Persoal, inf\u00f3rmaselle que os datos persoais que nos facilite mediante o uso dos formularios sitos na p\u00e1xina web, ser\u00e1n incorporados a un ficheiro titularidade de HIERROS FERGO, S.L., coa finalidade de xestionar a s\u00faa solicitude e enviarlle informaci\u00f3n m\u00e1is detallada. [&hellip;]<\/p>\n","protected":false},"author":6,"featured_media":0,"parent":0,"menu_order":0,"comment_status":"closed","ping_status":"closed","template":"","meta":{"_monsterinsights_skip_tracking":false,"_monsterinsights_sitenote_active":false,"_monsterinsights_sitenote_note":"","_monsterinsights_sitenote_category":0,"footnotes":""},"class_list":["post-89","page","type-page","status-publish","hentry"],"aioseo_notices":[],"_links":{"self":[{"href":"https:\/\/hierrosfergo.com\/gl\/wp-json\/wp\/v2\/pages\/89","targetHints":{"allow":["GET"]}}],"collection":[{"href":"https:\/\/hierrosfergo.com\/gl\/wp-json\/wp\/v2\/pages"}],"about":[{"href":"https:\/\/hierrosfergo.com\/gl\/wp-json\/wp\/v2\/types\/page"}],"author":[{"embeddable":true,"href":"https:\/\/hierrosfergo.com\/gl\/wp-json\/wp\/v2\/users\/6"}],"replies":[{"embeddable":true,"href":"https:\/\/hierrosfergo.com\/gl\/wp-json\/wp\/v2\/comments?post=89"}],"version-history":[{"count":8,"href":"https:\/\/hierrosfergo.com\/gl\/wp-json\/wp\/v2\/pages\/89\/revisions"}],"predecessor-version":[{"id":262,"href":"https:\/\/hierrosfergo.com\/gl\/wp-json\/wp\/v2\/pages\/89\/revisions\/262"}],"wp:attachment":[{"href":"https:\/\/hierrosfergo.com\/gl\/wp-json\/wp\/v2\/media?parent=89"}],"curies":[{"name":"wp","href":"https:\/\/api.w.org\/{rel}","templated":true}]}}